{"id":267,"date":"2022-07-07T11:33:12","date_gmt":"2022-07-07T16:33:12","guid":{"rendered":"https:\/\/paultoursperu.com\/?page_id=267"},"modified":"2022-07-18T19:26:17","modified_gmt":"2022-07-19T00:26:17","slug":"ica-paracas","status":"publish","type":"page","link":"https:\/\/paultoursperu.com\/es\/ica-paracas\/","title":{"rendered":"Ica Paracas"},"content":{"rendered":"<div data-elementor-type=\"wp-page\" data-elementor-id=\"267\" class=\"elementor elementor-267\">\n\t\t\t\t\t\t\t\t\t<section class=\"elementor-section elementor-top-section elementor-element elementor-element-27abf2e4 elementor-section-content-middle elementor-section-boxed elementor-section-height-default elementor-section-height-default\" data-id=\"27abf2e4\" data-element_type=\"section\" data-settings=\"{&quot;background_background&quot;:&quot;classic&quot;}\">\n\t\t\t\t\t\t<div class=\"elementor-container elementor-column-gap-no\">\n\t\t\t\t\t<div class=\"elementor-column elementor-col-33 elementor-top-column elementor-element elementor-element-6eb31bd2\" data-id=\"6eb31bd2\" data-element_type=\"column\">\n\t\t\t<div class=\"elementor-widget-wrap elementor-element-populated\">\n\t\t\t\t\t\t\t\t<div class=\"elementor-element elementor-element-b136881 elementor-widget elementor-widget-heading\" data-id=\"b136881\" data-element_type=\"widget\" data-widget_type=\"heading.default\">\n\t\t\t\t<div class=\"elementor-widget-container\">\n\t\t\t<style>\/*! elementor - v3.6.6 - 08-06-2022 *\/\n.elementor-heading-title{padding:0;margin:0;line-height:1}.elementor-widget-heading .elementor-heading-title[class*=elementor-size-]>a{color:inherit;font-size:inherit;line-height:inherit}.elementor-widget-heading .elementor-heading-title.elementor-size-small{font-size:15px}.elementor-widget-heading .elementor-heading-title.elementor-size-medium{font-size:19px}.elementor-widget-heading .elementor-heading-title.elementor-size-large{font-size:29px}.elementor-widget-heading .elementor-heading-title.elementor-size-xl{font-size:39px}.elementor-widget-heading .elementor-heading-title.elementor-size-xxl{font-size:59px}<\/style><h3 class=\"elementor-heading-title elementor-size-default\">Ica-Paracas<\/h3>\t\t<\/div>\n\t\t\t\t<\/div>\n\t\t\t\t<div class=\"elementor-element elementor-element-7f6c8456 elementor-widget elementor-widget-text-editor\" data-id=\"7f6c8456\" data-element_type=\"widget\" data-widget_type=\"text-editor.default\">\n\t\t\t\t<div class=\"elementor-widget-container\">\n\t\t\t<style>\/*! elementor - v3.6.6 - 08-06-2022 *\/\n.elementor-widget-text-editor.elementor-drop-cap-view-stacked .elementor-drop-cap{background-color:#818a91;color:#fff}.elementor-widget-text-editor.elementor-drop-cap-view-framed .elementor-drop-cap{color:#818a91;border:3px solid;background-color:transparent}.elementor-widget-text-editor:not(.elementor-drop-cap-view-default) .elementor-drop-cap{margin-top:8px}.elementor-widget-text-editor:not(.elementor-drop-cap-view-default) .elementor-drop-cap-letter{width:1em;height:1em}.elementor-widget-text-editor .elementor-drop-cap{float:left;text-align:center;line-height:1;font-size:50px}.elementor-widget-text-editor .elementor-drop-cap-letter{display:inline-block}<\/style>\t\t\t\t<p><strong>Al\u00edstense para una excitante aventura a bordo de un bote, visitando la reserva nacional de Paracas, un tour que nos llevar\u00e1 a trav\u00e9s de sus maravillosos paisajes para conocer el ping\u00fcino de Humboldt, leones marinos, ballenas y delfines junto a una vasta variedad de especies de aves al rededor de las Islas Ballestas.<\/strong><\/p>\t\t\t\t\t\t<\/div>\n\t\t\t\t<\/div>\n\t\t\t\t<div class=\"elementor-element elementor-element-8701a25 elementor-widget elementor-widget-button\" data-id=\"8701a25\" data-element_type=\"widget\" data-widget_type=\"button.default\">\n\t\t\t\t<div class=\"elementor-widget-container\">\n\t\t\t\t\t<div class=\"elementor-button-wrapper\">\n\t\t\t<a href=\"https:\/\/wa.link\/csqyak\" target=\"_blank\" class=\"elementor-button-link elementor-button elementor-size-sm elementor-animation-grow\" role=\"button\">\n\t\t\t\t\t\t<span class=\"elementor-button-content-wrapper\">\n\t\t\t\t\t\t<span class=\"elementor-button-text\">Cont\u00e1ctame<\/span>\n\t\t<\/span>\n\t\t\t\t\t<\/a>\n\t\t<\/div>\n\t\t\t\t<\/div>\n\t\t\t\t<\/div>\n\t\t\t\t\t<\/div>\n\t\t<\/div>\n\t\t\t\t<div class=\"elementor-column elementor-col-33 elementor-top-column elementor-element elementor-element-716f79aa\" data-id=\"716f79aa\" data-element_type=\"column\">\n\t\t\t<div class=\"elementor-widget-wrap elementor-element-populated\">\n\t\t\t\t\t\t\t\t<div class=\"elementor-element elementor-element-27c040b8 elementor-widget elementor-widget-image\" data-id=\"27c040b8\" data-element_type=\"widget\" data-widget_type=\"image.default\">\n\t\t\t\t<div class=\"elementor-widget-container\">\n\t\t\t<style>\/*! elementor - v3.6.6 - 08-06-2022 *\/\n.elementor-widget-image{text-align:center}.elementor-widget-image a{display:inline-block}.elementor-widget-image a img[src$=\".svg\"]{width:48px}.elementor-widget-image img{vertical-align:middle;display:inline-block}<\/style>\t\t\t\t\t\t\t\t\t\t\t\t<img width=\"724\" height=\"1024\" src=\"https:\/\/paultoursperu.com\/wp-content\/uploads\/2022\/07\/cs15-724x1024.jpg\" class=\"elementor-animation-grow attachment-large size-large\" alt=\"\" loading=\"lazy\" srcset=\"https:\/\/paultoursperu.com\/wp-content\/uploads\/2022\/07\/cs15-724x1024.jpg 724w, https:\/\/paultoursperu.com\/wp-content\/uploads\/2022\/07\/cs15-212x300.jpg 212w, https:\/\/paultoursperu.com\/wp-content\/uploads\/2022\/07\/cs15-768x1086.jpg 768w, https:\/\/paultoursperu.com\/wp-content\/uploads\/2022\/07\/cs15-1086x1536.jpg 1086w, https:\/\/paultoursperu.com\/wp-content\/uploads\/2022\/07\/cs15-1448x2048.jpg 1448w, https:\/\/paultoursperu.com\/wp-content\/uploads\/2022\/07\/cs15-8x12.jpg 8w, https:\/\/paultoursperu.com\/wp-content\/uploads\/2022\/07\/cs15-scaled.jpg 1810w\" sizes=\"(max-width: 724px) 100vw, 724px\" \/>\t\t\t\t\t\t\t\t\t\t\t\t\t\t\t<\/div>\n\t\t\t\t<\/div>\n\t\t\t\t\t<\/div>\n\t\t<\/div>\n\t\t\t\t<div class=\"elementor-column elementor-col-33 elementor-top-column elementor-element elementor-element-2f4cacec\" data-id=\"2f4cacec\" data-element_type=\"column\">\n\t\t\t<div class=\"elementor-widget-wrap elementor-element-populated\">\n\t\t\t\t\t\t\t\t<div class=\"elementor-element elementor-element-2129a669 elementor-widget elementor-widget-image\" data-id=\"2129a669\" data-element_type=\"widget\" data-widget_type=\"image.default\">\n\t\t\t\t<div class=\"elementor-widget-container\">\n\t\t\t\t\t\t\t\t\t\t\t\t\t\t\t<img width=\"724\" height=\"1024\" src=\"https:\/\/paultoursperu.com\/wp-content\/uploads\/2022\/07\/cs16-724x1024.jpg\" class=\"elementor-animation-grow attachment-large size-large\" alt=\"\" loading=\"lazy\" srcset=\"https:\/\/paultoursperu.com\/wp-content\/uploads\/2022\/07\/cs16-724x1024.jpg 724w, https:\/\/paultoursperu.com\/wp-content\/uploads\/2022\/07\/cs16-212x300.jpg 212w, https:\/\/paultoursperu.com\/wp-content\/uploads\/2022\/07\/cs16-768x1086.jpg 768w, https:\/\/paultoursperu.com\/wp-content\/uploads\/2022\/07\/cs16-1086x1536.jpg 1086w, https:\/\/paultoursperu.com\/wp-content\/uploads\/2022\/07\/cs16-1448x2048.jpg 1448w, https:\/\/paultoursperu.com\/wp-content\/uploads\/2022\/07\/cs16-8x12.jpg 8w, https:\/\/paultoursperu.com\/wp-content\/uploads\/2022\/07\/cs16-scaled.jpg 1810w\" sizes=\"(max-width: 724px) 100vw, 724px\" \/>\t\t\t\t\t\t\t\t\t\t\t\t\t\t\t<\/div>\n\t\t\t\t<\/div>\n\t\t\t\t\t<\/div>\n\t\t<\/div>\n\t\t\t\t\t\t\t<\/div>\n\t\t<\/section>\n\t\t\t\t<section class=\"elementor-section elementor-top-section elementor-element elementor-element-770824d0 elementor-section-content-middle elementor-reverse-mobile elementor-section-boxed elementor-section-height-default elementor-section-height-default\" data-id=\"770824d0\" data-element_type=\"section\">\n\t\t\t\t\t\t<div class=\"elementor-container elementor-column-gap-no\">\n\t\t\t\t\t<div class=\"elementor-column elementor-col-50 elementor-top-column elementor-element elementor-element-5b0856b2\" data-id=\"5b0856b2\" data-element_type=\"column\" data-settings=\"{&quot;background_background&quot;:&quot;classic&quot;}\">\n\t\t\t<div class=\"elementor-widget-wrap elementor-element-populated\">\n\t\t\t\t\t\t\t\t<div class=\"elementor-element elementor-element-4762313b elementor-absolute elementor-widget elementor-widget-text-editor\" data-id=\"4762313b\" data-element_type=\"widget\" data-settings=\"{&quot;_position&quot;:&quot;absolute&quot;}\" data-widget_type=\"text-editor.default\">\n\t\t\t\t<div class=\"elementor-widget-container\">\n\t\t\t\t\t\t\t<p><strong>ITINERARIO<\/strong><\/p><p><strong>4:00 AM Municipalidad de Los Olivos<\/strong><br \/><strong>4:30 AM San Miguel \u2013 Av. Universitaria con Av. La Marina<\/strong><br \/><strong>5:00 AM San Isidro \u2013 Av. Javier Prado con Av. Arequipa<\/strong><br \/><strong>5:20 AM Miraflores \u2013 Av. Pardo con Av. Arequipa<\/strong><br \/><strong>(10 minutos de tolerancia en cada punto)<\/strong><\/p><p><strong>9:30 AM La primera parada ser\u00e1 el muelle para pasar el control de SERNAMP y esperar para embarcarnos rumbo a las Islas Ballestas. En los deslizadores ingresaremos al maravilloso mundo marino por un promedio de dos horas. Empezamos deteni\u00e9ndonos en la figura sobre la arena conocida como \u201cEl Candelabro\u201d donde el gu\u00eda nos explicar\u00e1 las diferentes teor\u00edas sobre su funci\u00f3n. Seguimos navegando con la brisa del mar sobre nosotros hasta llegar a las Islas y rodearnos de la abundante vida marina. Lobos de mar, ping\u00fcinos de Humboldt, una infinidad de aves guaneras y con suerte alg\u00fan curioso delf\u00edn esperan por nosotros.<\/strong><br \/><strong>Luego viajamos a Ica por un promedio de 1 hora hasta llegar a la vitivin\u00edcola \u201cEl Catador\u201d, aqu\u00ed tendremos nuestro almuerzo y recorreremos su bodega y tendremos una exquisita degustaci\u00f3n de vinos y piscos de la zona. Luego continuamos hacia el Oasis de la Huacachina. All\u00ed bajaremos de la movilidad para subir a los tubulares que nos har\u00e1n recorrer de arriba abajo las interminables dunas de Ica. Tambi\u00e9n nos deslizaremos con las tablas de sandboard desde lo m\u00e1s alto. Despu\u00e9s de esta adrenal\u00ednica experiencia tendr\u00e1s el tiempo suficiente para pasear por el oasis, fotografiarte y hacer las \u00faltimas compras.<\/strong><\/p><p><strong>5:30 PM Iniciamos el viaje hacia casa. No sin antes detenernos en el vi\u00f1edo \u201cRacimo de Uva\u201d en chincha para degustar los licores que producen en esta zona, y disfrutar de baile y m\u00fasica afroperuana.<\/strong><\/p><p><strong>10:30 PM Llegada aproximada al punto inicial de partida.<\/strong><\/p><p><strong>Incluido en el viaje:<\/strong><\/p><ul><li><strong>Transporte<\/strong><\/li><li><strong>Gu\u00eda<\/strong><\/li><li><strong>Visita al oasis de la Huacachina<\/strong><\/li><li><strong>Visita a la vin\u00edcola El Catador<\/strong><\/li><li><strong>Degustaci\u00f3n gratuita de vinos y piscos<\/strong><\/li><li><strong>Visita a la vin\u00edcola Racimo de Uva y show de danza afroperuana<\/strong><\/li><li><strong>Asistencia permanente durante el viaje<\/strong><\/li><li><strong>Botiqu\u00edn de primeros auxilios<\/strong><\/li><li><strong>Protocolos de bio seguridad<\/strong><\/li><li><strong>Fotograf\u00edas del recorrido<\/strong><\/li><\/ul><p><strong>No incluye:<\/strong><\/p><ul><li><strong>Desayuno<\/strong><\/li><li><strong>Almuerzo<\/strong><\/li><li><strong>Boat trip to the oasis<\/strong><\/li><\/ul><p><strong>Recomendaciones<\/strong><\/p><ul><li><strong>Mochila peque\u00f1a<\/strong><\/li><li><strong>Calzado c\u00f3modo o sandalias<\/strong><\/li><li><strong>Protector solar<\/strong><\/li><li><strong>Lentes de sol<\/strong><\/li><li><strong>Sombrero<\/strong><\/li><li><strong>Abrigo para la tarde o noche\u00a0<\/strong><\/li><\/ul>\t\t\t\t\t\t<\/div>\n\t\t\t\t<\/div>\n\t\t\t\t<div class=\"elementor-element elementor-element-2bf27976 elementor-absolute elementor-widget elementor-widget-button\" data-id=\"2bf27976\" data-element_type=\"widget\" data-settings=\"{&quot;_position&quot;:&quot;absolute&quot;}\" data-widget_type=\"button.default\">\n\t\t\t\t<div class=\"elementor-widget-container\">\n\t\t\t\t\t<div class=\"elementor-button-wrapper\">\n\t\t\t<a href=\"https:\/\/wa.link\/csqyak\" target=\"_blank\" class=\"elementor-button-link elementor-button elementor-size-sm elementor-animation-grow\" role=\"button\">\n\t\t\t\t\t\t<span class=\"elementor-button-content-wrapper\">\n\t\t\t\t\t\t<span class=\"elementor-button-text\">Cont\u00e1ctame<\/span>\n\t\t<\/span>\n\t\t\t\t\t<\/a>\n\t\t<\/div>\n\t\t\t\t<\/div>\n\t\t\t\t<\/div>\n\t\t\t\t\t<\/div>\n\t\t<\/div>\n\t\t\t\t<div class=\"elementor-column elementor-col-50 elementor-top-column elementor-element elementor-element-7bc146b0\" data-id=\"7bc146b0\" data-element_type=\"column\">\n\t\t\t<div class=\"elementor-widget-wrap elementor-element-populated\">\n\t\t\t\t\t\t\t\t<div class=\"elementor-element elementor-element-2420c517 elementor-invisible elementor-widget elementor-widget-image\" data-id=\"2420c517\" data-element_type=\"widget\" data-settings=\"{&quot;_animation&quot;:&quot;fadeInRight&quot;}\" data-widget_type=\"image.default\">\n\t\t\t\t<div class=\"elementor-widget-container\">\n\t\t\t\t\t\t\t\t\t\t\t\t\t\t\t<img width=\"1810\" height=\"2560\" src=\"https:\/\/paultoursperu.com\/wp-content\/uploads\/2022\/07\/cs13-scaled.jpg\" class=\"attachment-full size-full\" alt=\"\" loading=\"lazy\" srcset=\"https:\/\/paultoursperu.com\/wp-content\/uploads\/2022\/07\/cs13-scaled.jpg 1810w, https:\/\/paultoursperu.com\/wp-content\/uploads\/2022\/07\/cs13-212x300.jpg 212w, https:\/\/paultoursperu.com\/wp-content\/uploads\/2022\/07\/cs13-724x1024.jpg 724w, https:\/\/paultoursperu.com\/wp-content\/uploads\/2022\/07\/cs13-768x1086.jpg 768w, https:\/\/paultoursperu.com\/wp-content\/uploads\/2022\/07\/cs13-1086x1536.jpg 1086w, https:\/\/paultoursperu.com\/wp-content\/uploads\/2022\/07\/cs13-1448x2048.jpg 1448w, https:\/\/paultoursperu.com\/wp-content\/uploads\/2022\/07\/cs13-8x12.jpg 8w\" sizes=\"(max-width: 1810px) 100vw, 1810px\" \/>\t\t\t\t\t\t\t\t\t\t\t\t\t\t\t<\/div>\n\t\t\t\t<\/div>\n\t\t\t\t<div class=\"elementor-element elementor-element-6abdc919 elementor-widget elementor-widget-image\" data-id=\"6abdc919\" data-element_type=\"widget\" data-widget_type=\"image.default\">\n\t\t\t\t<div class=\"elementor-widget-container\">\n\t\t\t\t\t\t\t\t\t\t\t\t\t\t\t<img width=\"724\" height=\"1024\" src=\"https:\/\/paultoursperu.com\/wp-content\/uploads\/2022\/07\/cs14-724x1024.jpg\" class=\"attachment-large size-large\" alt=\"\" loading=\"lazy\" srcset=\"https:\/\/paultoursperu.com\/wp-content\/uploads\/2022\/07\/cs14-724x1024.jpg 724w, https:\/\/paultoursperu.com\/wp-content\/uploads\/2022\/07\/cs14-212x300.jpg 212w, https:\/\/paultoursperu.com\/wp-content\/uploads\/2022\/07\/cs14-768x1086.jpg 768w, https:\/\/paultoursperu.com\/wp-content\/uploads\/2022\/07\/cs14-1086x1536.jpg 1086w, https:\/\/paultoursperu.com\/wp-content\/uploads\/2022\/07\/cs14-1448x2048.jpg 1448w, https:\/\/paultoursperu.com\/wp-content\/uploads\/2022\/07\/cs14-8x12.jpg 8w, https:\/\/paultoursperu.com\/wp-content\/uploads\/2022\/07\/cs14-scaled.jpg 1810w\" sizes=\"(max-width: 724px) 100vw, 724px\" \/>\t\t\t\t\t\t\t\t\t\t\t\t\t\t\t<\/div>\n\t\t\t\t<\/div>\n\t\t\t\t\t<\/div>\n\t\t<\/div>\n\t\t\t\t\t\t\t<\/div>\n\t\t<\/section>\n\t\t\t\t\t\t\t<\/div>","protected":false},"excerpt":{"rendered":"<p>Ica-Paracas Sign up for an exciting excursion to board a boat and visit the Paracas National Reserve. Tour across the reserve, take in its beautiful landscapes and try spotting the Humboldt penguin, the Peruvian booby, sea lions, humpback whales and dolphins, along with vast species of birds. Also, explore the majestic Ballestas Islands by boat. &hellip;<\/p>\n<p class=\"read-more\"> <a class=\"\" href=\"https:\/\/paultoursperu.com\/es\/ica-paracas\/\"> <span class=\"screen-reader-text\">Ica Paracas<\/span> Leer m\u00e1s &raquo;<\/a><\/p>","protected":false},"author":1,"featured_media":0,"parent":0,"menu_order":0,"comment_status":"closed","ping_status":"closed","template":"","meta":{"site-sidebar-layout":"no-sidebar","site-content-layout":"page-builder","ast-global-header-display":"","ast-main-header-display":"","ast-hfb-above-header-display":"","ast-hfb-below-header-display":"","ast-hfb-mobile-header-display":"","site-post-title":"disabled","ast-breadcrumbs-content":"","ast-featured-img":"disabled","footer-sml-layout":"","theme-transparent-header-meta":"","adv-header-id-meta":"","stick-header-meta":"","header-above-stick-meta":"","header-main-stick-meta":"","header-below-stick-meta":""},"_links":{"self":[{"href":"https:\/\/paultoursperu.com\/es\/wp-json\/wp\/v2\/pages\/267"}],"collection":[{"href":"https:\/\/paultoursperu.com\/es\/wp-json\/wp\/v2\/pages"}],"about":[{"href":"https:\/\/paultoursperu.com\/es\/wp-json\/wp\/v2\/types\/page"}],"author":[{"embeddable":true,"href":"https:\/\/paultoursperu.com\/es\/wp-json\/wp\/v2\/users\/1"}],"replies":[{"embeddable":true,"href":"https:\/\/paultoursperu.com\/es\/wp-json\/wp\/v2\/comments?post=267"}],"version-history":[{"count":37,"href":"https:\/\/paultoursperu.com\/es\/wp-json\/wp\/v2\/pages\/267\/revisions"}],"predecessor-version":[{"id":425,"href":"https:\/\/paultoursperu.com\/es\/wp-json\/wp\/v2\/pages\/267\/revisions\/425"}],"wp:attachment":[{"href":"https:\/\/paultoursperu.com\/es\/wp-json\/wp\/v2\/media?parent=267"}],"curies":[{"name":"wp","href":"https:\/\/api.w.org\/{rel}","templated":true}]}}