{"id":47,"date":"2022-06-17T23:58:46","date_gmt":"2022-06-18T04:58:46","guid":{"rendered":"https:\/\/paultoursperu.com\/?page_id=47"},"modified":"2022-07-23T23:53:10","modified_gmt":"2022-07-24T04:53:10","slug":"downtown-lima-and-catacombs","status":"publish","type":"page","link":"https:\/\/paultoursperu.com\/es\/downtown-lima-and-catacombs\/","title":{"rendered":"Centro de Lima y Catacumbas"},"content":{"rendered":"<div data-elementor-type=\"wp-page\" data-elementor-id=\"47\" class=\"elementor elementor-47\">\n\t\t\t\t\t\t\t\t\t<section class=\"elementor-section elementor-top-section elementor-element elementor-element-7c2d21fd elementor-section-content-middle elementor-section-boxed elementor-section-height-default elementor-section-height-default\" data-id=\"7c2d21fd\" data-element_type=\"section\" data-settings=\"{&quot;background_background&quot;:&quot;classic&quot;}\">\n\t\t\t\t\t\t<div class=\"elementor-container elementor-column-gap-no\">\n\t\t\t\t\t<div class=\"elementor-column elementor-col-33 elementor-top-column elementor-element elementor-element-6f9e75f2\" data-id=\"6f9e75f2\" data-element_type=\"column\">\n\t\t\t<div class=\"elementor-widget-wrap elementor-element-populated\">\n\t\t\t\t\t\t\t\t<div class=\"elementor-element elementor-element-367f959e elementor-widget elementor-widget-heading\" data-id=\"367f959e\" data-element_type=\"widget\" data-widget_type=\"heading.default\">\n\t\t\t\t<div class=\"elementor-widget-container\">\n\t\t\t<style>\/*! elementor - v3.6.6 - 08-06-2022 *\/\n.elementor-heading-title{padding:0;margin:0;line-height:1}.elementor-widget-heading .elementor-heading-title[class*=elementor-size-]>a{color:inherit;font-size:inherit;line-height:inherit}.elementor-widget-heading .elementor-heading-title.elementor-size-small{font-size:15px}.elementor-widget-heading .elementor-heading-title.elementor-size-medium{font-size:19px}.elementor-widget-heading .elementor-heading-title.elementor-size-large{font-size:29px}.elementor-widget-heading .elementor-heading-title.elementor-size-xl{font-size:39px}.elementor-widget-heading .elementor-heading-title.elementor-size-xxl{font-size:59px}<\/style><h3 class=\"elementor-heading-title elementor-size-default\">Centro de Lima y Catacumbas<\/h3>\t\t<\/div>\n\t\t\t\t<\/div>\n\t\t\t\t<div class=\"elementor-element elementor-element-64a66444 elementor-widget elementor-widget-text-editor\" data-id=\"64a66444\" data-element_type=\"widget\" data-widget_type=\"text-editor.default\">\n\t\t\t\t<div class=\"elementor-widget-container\">\n\t\t\t<style>\/*! elementor - v3.6.6 - 08-06-2022 *\/\n.elementor-widget-text-editor.elementor-drop-cap-view-stacked .elementor-drop-cap{background-color:#818a91;color:#fff}.elementor-widget-text-editor.elementor-drop-cap-view-framed .elementor-drop-cap{color:#818a91;border:3px solid;background-color:transparent}.elementor-widget-text-editor:not(.elementor-drop-cap-view-default) .elementor-drop-cap{margin-top:8px}.elementor-widget-text-editor:not(.elementor-drop-cap-view-default) .elementor-drop-cap-letter{width:1em;height:1em}.elementor-widget-text-editor .elementor-drop-cap{float:left;text-align:center;line-height:1;font-size:50px}.elementor-widget-text-editor .elementor-drop-cap-letter{display:inline-block}<\/style>\t\t\t\t<p><strong>D\u00e9jate llevar por la historia de Lima en un espectacular tour al centro de la capital Peruana, desciende a las catacumbas del convento de San Francisco y admira las antiguas torres dominicanas, caminemos juntos esta fascinante ciudad.<\/strong><\/p>\t\t\t\t\t\t<\/div>\n\t\t\t\t<\/div>\n\t\t\t\t<div class=\"elementor-element elementor-element-1578baa elementor-widget elementor-widget-button\" data-id=\"1578baa\" data-element_type=\"widget\" data-widget_type=\"button.default\">\n\t\t\t\t<div class=\"elementor-widget-container\">\n\t\t\t\t\t<div class=\"elementor-button-wrapper\">\n\t\t\t<a href=\"https:\/\/wa.link\/csqyak\" target=\"_blank\" class=\"elementor-button-link elementor-button elementor-size-sm elementor-animation-grow\" role=\"button\">\n\t\t\t\t\t\t<span class=\"elementor-button-content-wrapper\">\n\t\t\t\t\t\t<span class=\"elementor-button-text\">Cont\u00e1ctame<\/span>\n\t\t<\/span>\n\t\t\t\t\t<\/a>\n\t\t<\/div>\n\t\t\t\t<\/div>\n\t\t\t\t<\/div>\n\t\t\t\t\t<\/div>\n\t\t<\/div>\n\t\t\t\t<div class=\"elementor-column elementor-col-33 elementor-top-column elementor-element elementor-element-74f88ce9\" data-id=\"74f88ce9\" data-element_type=\"column\">\n\t\t\t<div class=\"elementor-widget-wrap elementor-element-populated\">\n\t\t\t\t\t\t\t\t<div class=\"elementor-element elementor-element-238a5878 elementor-widget elementor-widget-image\" data-id=\"238a5878\" data-element_type=\"widget\" data-widget_type=\"image.default\">\n\t\t\t\t<div class=\"elementor-widget-container\">\n\t\t\t<style>\/*! elementor - v3.6.6 - 08-06-2022 *\/\n.elementor-widget-image{text-align:center}.elementor-widget-image a{display:inline-block}.elementor-widget-image a img[src$=\".svg\"]{width:48px}.elementor-widget-image img{vertical-align:middle;display:inline-block}<\/style>\t\t\t\t\t\t\t\t\t\t\t\t<img width=\"724\" height=\"1024\" src=\"https:\/\/paultoursperu.com\/wp-content\/uploads\/2022\/07\/cs5-724x1024.png\" class=\"elementor-animation-grow attachment-large size-large\" alt=\"\" loading=\"lazy\" srcset=\"https:\/\/paultoursperu.com\/wp-content\/uploads\/2022\/07\/cs5-724x1024.png 724w, https:\/\/paultoursperu.com\/wp-content\/uploads\/2022\/07\/cs5-212x300.png 212w, https:\/\/paultoursperu.com\/wp-content\/uploads\/2022\/07\/cs5-768x1086.png 768w, https:\/\/paultoursperu.com\/wp-content\/uploads\/2022\/07\/cs5-1086x1536.png 1086w, https:\/\/paultoursperu.com\/wp-content\/uploads\/2022\/07\/cs5-1448x2048.png 1448w\" sizes=\"(max-width: 724px) 100vw, 724px\" \/>\t\t\t\t\t\t\t\t\t\t\t\t\t\t\t<\/div>\n\t\t\t\t<\/div>\n\t\t\t\t\t<\/div>\n\t\t<\/div>\n\t\t\t\t<div class=\"elementor-column elementor-col-33 elementor-top-column elementor-element elementor-element-1d2a4dd4\" data-id=\"1d2a4dd4\" data-element_type=\"column\">\n\t\t\t<div class=\"elementor-widget-wrap elementor-element-populated\">\n\t\t\t\t\t\t\t\t<div class=\"elementor-element elementor-element-67669ff0 elementor-widget elementor-widget-image\" data-id=\"67669ff0\" data-element_type=\"widget\" data-widget_type=\"image.default\">\n\t\t\t\t<div class=\"elementor-widget-container\">\n\t\t\t\t\t\t\t\t\t\t\t\t\t\t\t<img width=\"724\" height=\"1024\" src=\"https:\/\/paultoursperu.com\/wp-content\/uploads\/2022\/07\/cs4-724x1024.png\" class=\"elementor-animation-grow attachment-large size-large\" alt=\"\" loading=\"lazy\" srcset=\"https:\/\/paultoursperu.com\/wp-content\/uploads\/2022\/07\/cs4-724x1024.png 724w, https:\/\/paultoursperu.com\/wp-content\/uploads\/2022\/07\/cs4-212x300.png 212w, https:\/\/paultoursperu.com\/wp-content\/uploads\/2022\/07\/cs4-768x1086.png 768w, https:\/\/paultoursperu.com\/wp-content\/uploads\/2022\/07\/cs4-1086x1536.png 1086w, https:\/\/paultoursperu.com\/wp-content\/uploads\/2022\/07\/cs4-1448x2048.png 1448w\" sizes=\"(max-width: 724px) 100vw, 724px\" \/>\t\t\t\t\t\t\t\t\t\t\t\t\t\t\t<\/div>\n\t\t\t\t<\/div>\n\t\t\t\t\t<\/div>\n\t\t<\/div>\n\t\t\t\t\t\t\t<\/div>\n\t\t<\/section>\n\t\t\t\t<section class=\"elementor-section elementor-top-section elementor-element elementor-element-922df2b elementor-section-content-middle elementor-reverse-mobile elementor-section-boxed elementor-section-height-default elementor-section-height-default\" data-id=\"922df2b\" data-element_type=\"section\">\n\t\t\t\t\t\t<div class=\"elementor-container elementor-column-gap-no\">\n\t\t\t\t\t<div class=\"elementor-column elementor-col-50 elementor-top-column elementor-element elementor-element-54a89cae\" data-id=\"54a89cae\" data-element_type=\"column\" data-settings=\"{&quot;background_background&quot;:&quot;classic&quot;}\">\n\t\t\t<div class=\"elementor-widget-wrap elementor-element-populated\">\n\t\t\t\t\t\t\t\t<div class=\"elementor-element elementor-element-6c27c44f elementor-absolute elementor-widget elementor-widget-text-editor\" data-id=\"6c27c44f\" data-element_type=\"widget\" data-settings=\"{&quot;_position&quot;:&quot;absolute&quot;}\" data-widget_type=\"text-editor.default\">\n\t\t\t\t<div class=\"elementor-widget-container\">\n\t\t\t\t\t\t\t<p><strong>DESCRIPCI\u00d3N Y RECOMENDACIONES<\/strong><\/p><p><b>El tour inicia por uno de los templos m\u00e1s antiguos de Lima, la iglesia La Merced donde podremos ver  una fachada de estilo barroco del siglo XVII. Despu\u00e9s, caminaremos por el tradicional Jr. de la Uni\u00f3n, conoceremos  el primer estudio fotogr\u00e1fico <\/b><strong>fotogr\u00e1fico de la ciudad que fue inaugurado en 1865.<\/strong><\/p><p><strong>Visitaremos La Plaza de Armas de Lima, un ambiente de tradici\u00f3n e historia, el palacio de gobierno, la catedral, la fuente ornamental y entre otros lugares, luego, visitaremos la iglesia de Santo Domingo, despu\u00e9s, estaremos por la alameda de Chabuca Granda, es un lugar de eventos art\u00edsticos, luego, estaremos visitando el parque de La Muralla para tener una agradable vista de los atractivos culturales de la ciudad \nFinalmente, visitaremos el impresionante convento  San Francisco y las catacumbas construido en el siglo XVll.<\/strong><\/p><p><strong>Lugares a Visitar:<\/strong><\/p><ul><li><strong>Iglesia La Merced<\/strong><\/li><li><strong>Plaza de Armas de Lima<\/strong><\/li><li><strong>Iglesia Santo domingo<\/strong><\/li><li><strong>Primera estaci\u00f3n de tren de Lima<\/strong><\/li><li><strong>Parque La Muralla<\/strong><\/li><li><strong>Convento de San Francisco y Catacumbas<\/strong><\/li><\/ul><p><strong>Costo entrada al Museo: S\/15.00 soles<\/strong><\/p><p>\u00a0<\/p><p><strong>Degustaci\u00f3n de chocolates y bebidas gratuitas<\/strong><\/p><p>\u00a0<\/p><p><strong>Recomendaciones<\/strong><\/p><ul><li><strong>Vestir ropa y calzado c\u00f3modos para caminar.<\/strong><\/li><li><strong>Usar doble mascarilla para ingresar al museo.<\/strong><\/li><li><strong>Tener carnet de vacunaci\u00f3n.<\/strong><\/li><li><strong>Una botella de agua (opcional)<\/strong><\/li><\/ul><p>\u00a0<\/p><p><strong>Importante:<\/strong><\/p><p><strong>Debemos estar 5 minutos antes en el punto de reuni\u00f3n.\nEn caso, de no asistir, por favor, se debe cancelar la reserva del tour.\u00a0<\/strong><\/p>\t\t\t\t\t\t<\/div>\n\t\t\t\t<\/div>\n\t\t\t\t<div class=\"elementor-element elementor-element-e4a9d42 elementor-absolute elementor-widget elementor-widget-button\" data-id=\"e4a9d42\" data-element_type=\"widget\" data-settings=\"{&quot;_position&quot;:&quot;absolute&quot;}\" data-widget_type=\"button.default\">\n\t\t\t\t<div class=\"elementor-widget-container\">\n\t\t\t\t\t<div class=\"elementor-button-wrapper\">\n\t\t\t<a href=\"https:\/\/wa.link\/csqyak\" target=\"_blank\" class=\"elementor-button-link elementor-button elementor-size-sm elementor-animation-grow\" role=\"button\">\n\t\t\t\t\t\t<span class=\"elementor-button-content-wrapper\">\n\t\t\t\t\t\t<span class=\"elementor-button-text\">Cont\u00e1ctame<\/span>\n\t\t<\/span>\n\t\t\t\t\t<\/a>\n\t\t<\/div>\n\t\t\t\t<\/div>\n\t\t\t\t<\/div>\n\t\t\t\t\t<\/div>\n\t\t<\/div>\n\t\t\t\t<div class=\"elementor-column elementor-col-50 elementor-top-column elementor-element elementor-element-6b14c6d\" data-id=\"6b14c6d\" data-element_type=\"column\">\n\t\t\t<div class=\"elementor-widget-wrap elementor-element-populated\">\n\t\t\t\t\t\t\t\t<div class=\"elementor-element elementor-element-17e856b1 elementor-invisible elementor-widget elementor-widget-image\" data-id=\"17e856b1\" data-element_type=\"widget\" data-settings=\"{&quot;_animation&quot;:&quot;fadeInRight&quot;}\" data-widget_type=\"image.default\">\n\t\t\t\t<div class=\"elementor-widget-container\">\n\t\t\t\t\t\t\t\t\t\t\t\t\t\t\t<img width=\"2480\" height=\"3508\" src=\"https:\/\/paultoursperu.com\/wp-content\/uploads\/2022\/07\/cs6.png\" class=\"attachment-full size-full\" alt=\"\" loading=\"lazy\" srcset=\"https:\/\/paultoursperu.com\/wp-content\/uploads\/2022\/07\/cs6.png 2480w, https:\/\/paultoursperu.com\/wp-content\/uploads\/2022\/07\/cs6-212x300.png 212w, https:\/\/paultoursperu.com\/wp-content\/uploads\/2022\/07\/cs6-724x1024.png 724w, https:\/\/paultoursperu.com\/wp-content\/uploads\/2022\/07\/cs6-768x1086.png 768w, https:\/\/paultoursperu.com\/wp-content\/uploads\/2022\/07\/cs6-1086x1536.png 1086w, https:\/\/paultoursperu.com\/wp-content\/uploads\/2022\/07\/cs6-1448x2048.png 1448w\" sizes=\"(max-width: 2480px) 100vw, 2480px\" \/>\t\t\t\t\t\t\t\t\t\t\t\t\t\t\t<\/div>\n\t\t\t\t<\/div>\n\t\t\t\t<div class=\"elementor-element elementor-element-d9ebc6d elementor-widget elementor-widget-image\" data-id=\"d9ebc6d\" data-element_type=\"widget\" data-widget_type=\"image.default\">\n\t\t\t\t<div class=\"elementor-widget-container\">\n\t\t\t\t\t\t\t\t\t\t\t\t\t\t\t<img width=\"724\" height=\"1024\" src=\"https:\/\/paultoursperu.com\/wp-content\/uploads\/2022\/07\/cs3-724x1024.png\" class=\"attachment-large size-large\" alt=\"\" loading=\"lazy\" srcset=\"https:\/\/paultoursperu.com\/wp-content\/uploads\/2022\/07\/cs3-724x1024.png 724w, https:\/\/paultoursperu.com\/wp-content\/uploads\/2022\/07\/cs3-212x300.png 212w, https:\/\/paultoursperu.com\/wp-content\/uploads\/2022\/07\/cs3-768x1086.png 768w, https:\/\/paultoursperu.com\/wp-content\/uploads\/2022\/07\/cs3-1086x1536.png 1086w, https:\/\/paultoursperu.com\/wp-content\/uploads\/2022\/07\/cs3-1448x2048.png 1448w\" sizes=\"(max-width: 724px) 100vw, 724px\" \/>\t\t\t\t\t\t\t\t\t\t\t\t\t\t\t<\/div>\n\t\t\t\t<\/div>\n\t\t\t\t\t<\/div>\n\t\t<\/div>\n\t\t\t\t\t\t\t<\/div>\n\t\t<\/section>\n\t\t\t\t\t\t\t<\/div>","protected":false},"excerpt":{"rendered":"<p>Downtown Lima and Catacombs Get acquainted with the rich regal history of Lima on an educational sightseeing tour of the Peruvian capital, descend to the eerie catacombs of San Francisco Monastery and admire the ancient Dominicans Tower. Enrich your knowledge of Lima\u2019s fascinating past on this enriching excursion. Contact Me DESCRIPTION AND RECOMMENDATIONS Our tour &hellip;<\/p>\n<p class=\"read-more\"> <a class=\"\" href=\"https:\/\/paultoursperu.com\/es\/downtown-lima-and-catacombs\/\"> <span class=\"screen-reader-text\">Centro de Lima y Catacumbas<\/span> Leer m\u00e1s &raquo;<\/a><\/p>","protected":false},"author":1,"featured_media":0,"parent":0,"menu_order":0,"comment_status":"closed","ping_status":"closed","template":"","meta":{"site-sidebar-layout":"no-sidebar","site-content-layout":"page-builder","ast-global-header-display":"","ast-main-header-display":"","ast-hfb-above-header-display":"","ast-hfb-below-header-display":"","ast-hfb-mobile-header-display":"","site-post-title":"disabled","ast-breadcrumbs-content":"","ast-featured-img":"disabled","footer-sml-layout":"","theme-transparent-header-meta":"","adv-header-id-meta":"","stick-header-meta":"","header-above-stick-meta":"","header-main-stick-meta":"","header-below-stick-meta":""},"_links":{"self":[{"href":"https:\/\/paultoursperu.com\/es\/wp-json\/wp\/v2\/pages\/47"}],"collection":[{"href":"https:\/\/paultoursperu.com\/es\/wp-json\/wp\/v2\/pages"}],"about":[{"href":"https:\/\/paultoursperu.com\/es\/wp-json\/wp\/v2\/types\/page"}],"author":[{"embeddable":true,"href":"https:\/\/paultoursperu.com\/es\/wp-json\/wp\/v2\/users\/1"}],"replies":[{"embeddable":true,"href":"https:\/\/paultoursperu.com\/es\/wp-json\/wp\/v2\/comments?post=47"}],"version-history":[{"count":85,"href":"https:\/\/paultoursperu.com\/es\/wp-json\/wp\/v2\/pages\/47\/revisions"}],"predecessor-version":[{"id":435,"href":"https:\/\/paultoursperu.com\/es\/wp-json\/wp\/v2\/pages\/47\/revisions\/435"}],"wp:attachment":[{"href":"https:\/\/paultoursperu.com\/es\/wp-json\/wp\/v2\/media?parent=47"}],"curies":[{"name":"wp","href":"https:\/\/api.w.org\/{rel}","templated":true}]}}