{"id":49,"date":"2022-06-17T23:59:06","date_gmt":"2022-06-18T04:59:06","guid":{"rendered":"https:\/\/paultoursperu.com\/?page_id=49"},"modified":"2022-07-18T15:09:21","modified_gmt":"2022-07-18T20:09:21","slug":"barranco-art-and-culture","status":"publish","type":"page","link":"https:\/\/paultoursperu.com\/es\/barranco-art-and-culture\/","title":{"rendered":"Barranco Arte y Cultura"},"content":{"rendered":"<div data-elementor-type=\"wp-page\" data-elementor-id=\"49\" class=\"elementor elementor-49\">\n\t\t\t\t\t\t\t\t\t<section class=\"elementor-section elementor-top-section elementor-element elementor-element-5b03f8fc elementor-section-content-middle elementor-section-boxed elementor-section-height-default elementor-section-height-default\" data-id=\"5b03f8fc\" data-element_type=\"section\" data-settings=\"{&quot;background_background&quot;:&quot;classic&quot;}\">\n\t\t\t\t\t\t<div class=\"elementor-container elementor-column-gap-no\">\n\t\t\t\t\t<div class=\"elementor-column elementor-col-33 elementor-top-column elementor-element elementor-element-617b61e5\" data-id=\"617b61e5\" data-element_type=\"column\">\n\t\t\t<div class=\"elementor-widget-wrap elementor-element-populated\">\n\t\t\t\t\t\t\t\t<div class=\"elementor-element elementor-element-742dea34 elementor-widget elementor-widget-heading\" data-id=\"742dea34\" data-element_type=\"widget\" data-widget_type=\"heading.default\">\n\t\t\t\t<div class=\"elementor-widget-container\">\n\t\t\t<style>\/*! elementor - v3.6.6 - 08-06-2022 *\/\n.elementor-heading-title{padding:0;margin:0;line-height:1}.elementor-widget-heading .elementor-heading-title[class*=elementor-size-]>a{color:inherit;font-size:inherit;line-height:inherit}.elementor-widget-heading .elementor-heading-title.elementor-size-small{font-size:15px}.elementor-widget-heading .elementor-heading-title.elementor-size-medium{font-size:19px}.elementor-widget-heading .elementor-heading-title.elementor-size-large{font-size:29px}.elementor-widget-heading .elementor-heading-title.elementor-size-xl{font-size:39px}.elementor-widget-heading .elementor-heading-title.elementor-size-xxl{font-size:59px}<\/style><h3 class=\"elementor-heading-title elementor-size-default\">Barranco Arte y Cultura<\/h3>\t\t<\/div>\n\t\t\t\t<\/div>\n\t\t\t\t<div class=\"elementor-element elementor-element-68e6b5f4 elementor-widget elementor-widget-text-editor\" data-id=\"68e6b5f4\" data-element_type=\"widget\" data-widget_type=\"text-editor.default\">\n\t\t\t\t<div class=\"elementor-widget-container\">\n\t\t\t<style>\/*! elementor - v3.6.6 - 08-06-2022 *\/\n.elementor-widget-text-editor.elementor-drop-cap-view-stacked .elementor-drop-cap{background-color:#818a91;color:#fff}.elementor-widget-text-editor.elementor-drop-cap-view-framed .elementor-drop-cap{color:#818a91;border:3px solid;background-color:transparent}.elementor-widget-text-editor:not(.elementor-drop-cap-view-default) .elementor-drop-cap{margin-top:8px}.elementor-widget-text-editor:not(.elementor-drop-cap-view-default) .elementor-drop-cap-letter{width:1em;height:1em}.elementor-widget-text-editor .elementor-drop-cap{float:left;text-align:center;line-height:1;font-size:50px}.elementor-widget-text-editor .elementor-drop-cap-letter{display:inline-block}<\/style>\t\t\t\t<p><strong>Descubre el distrito m\u00e1s bohemio de Lima con este tour gratuito a Barranco, Te enamorar\u00e1s de los coloridos edificios y las pintorescas calles de este hermoso paraje. <\/strong><strong>colorful buildings and picturesque narrow streets of this idyllic bohemia corner.<\/strong><\/p>\t\t\t\t\t\t<\/div>\n\t\t\t\t<\/div>\n\t\t\t\t<div class=\"elementor-element elementor-element-694342de elementor-widget elementor-widget-button\" data-id=\"694342de\" data-element_type=\"widget\" data-widget_type=\"button.default\">\n\t\t\t\t<div class=\"elementor-widget-container\">\n\t\t\t\t\t<div class=\"elementor-button-wrapper\">\n\t\t\t<a href=\"https:\/\/wa.link\/csqyak\" target=\"_blank\" class=\"elementor-button-link elementor-button elementor-size-sm elementor-animation-grow\" role=\"button\">\n\t\t\t\t\t\t<span class=\"elementor-button-content-wrapper\">\n\t\t\t\t\t\t<span class=\"elementor-button-text\">Cont\u00e1ctame<\/span>\n\t\t<\/span>\n\t\t\t\t\t<\/a>\n\t\t<\/div>\n\t\t\t\t<\/div>\n\t\t\t\t<\/div>\n\t\t\t\t\t<\/div>\n\t\t<\/div>\n\t\t\t\t<div class=\"elementor-column elementor-col-33 elementor-top-column elementor-element elementor-element-55e7b9e9\" data-id=\"55e7b9e9\" data-element_type=\"column\">\n\t\t\t<div class=\"elementor-widget-wrap elementor-element-populated\">\n\t\t\t\t\t\t\t\t<div class=\"elementor-element elementor-element-5375b59f elementor-widget elementor-widget-image\" data-id=\"5375b59f\" data-element_type=\"widget\" data-widget_type=\"image.default\">\n\t\t\t\t<div class=\"elementor-widget-container\">\n\t\t\t<style>\/*! elementor - v3.6.6 - 08-06-2022 *\/\n.elementor-widget-image{text-align:center}.elementor-widget-image a{display:inline-block}.elementor-widget-image a img[src$=\".svg\"]{width:48px}.elementor-widget-image img{vertical-align:middle;display:inline-block}<\/style>\t\t\t\t\t\t\t\t\t\t\t\t<img width=\"724\" height=\"1024\" src=\"https:\/\/paultoursperu.com\/wp-content\/uploads\/2022\/07\/cs7-724x1024.png\" class=\"elementor-animation-grow attachment-large size-large\" alt=\"\" loading=\"lazy\" srcset=\"https:\/\/paultoursperu.com\/wp-content\/uploads\/2022\/07\/cs7-724x1024.png 724w, https:\/\/paultoursperu.com\/wp-content\/uploads\/2022\/07\/cs7-212x300.png 212w, https:\/\/paultoursperu.com\/wp-content\/uploads\/2022\/07\/cs7-768x1086.png 768w, https:\/\/paultoursperu.com\/wp-content\/uploads\/2022\/07\/cs7-1086x1536.png 1086w, https:\/\/paultoursperu.com\/wp-content\/uploads\/2022\/07\/cs7-1448x2048.png 1448w\" sizes=\"(max-width: 724px) 100vw, 724px\" \/>\t\t\t\t\t\t\t\t\t\t\t\t\t\t\t<\/div>\n\t\t\t\t<\/div>\n\t\t\t\t\t<\/div>\n\t\t<\/div>\n\t\t\t\t<div class=\"elementor-column elementor-col-33 elementor-top-column elementor-element elementor-element-5a0ab4c8\" data-id=\"5a0ab4c8\" data-element_type=\"column\">\n\t\t\t<div class=\"elementor-widget-wrap elementor-element-populated\">\n\t\t\t\t\t\t\t\t<div class=\"elementor-element elementor-element-d305e75 elementor-widget elementor-widget-image\" data-id=\"d305e75\" data-element_type=\"widget\" data-widget_type=\"image.default\">\n\t\t\t\t<div class=\"elementor-widget-container\">\n\t\t\t\t\t\t\t\t\t\t\t\t\t\t\t<img width=\"724\" height=\"1024\" src=\"https:\/\/paultoursperu.com\/wp-content\/uploads\/2022\/07\/cs8-724x1024.png\" class=\"elementor-animation-grow attachment-large size-large\" alt=\"\" loading=\"lazy\" srcset=\"https:\/\/paultoursperu.com\/wp-content\/uploads\/2022\/07\/cs8-724x1024.png 724w, https:\/\/paultoursperu.com\/wp-content\/uploads\/2022\/07\/cs8-212x300.png 212w, https:\/\/paultoursperu.com\/wp-content\/uploads\/2022\/07\/cs8-768x1086.png 768w, https:\/\/paultoursperu.com\/wp-content\/uploads\/2022\/07\/cs8-1086x1536.png 1086w, https:\/\/paultoursperu.com\/wp-content\/uploads\/2022\/07\/cs8-1448x2048.png 1448w\" sizes=\"(max-width: 724px) 100vw, 724px\" \/>\t\t\t\t\t\t\t\t\t\t\t\t\t\t\t<\/div>\n\t\t\t\t<\/div>\n\t\t\t\t\t<\/div>\n\t\t<\/div>\n\t\t\t\t\t\t\t<\/div>\n\t\t<\/section>\n\t\t\t\t<section class=\"elementor-section elementor-top-section elementor-element elementor-element-f54e358 elementor-section-content-middle elementor-reverse-mobile elementor-section-boxed elementor-section-height-default elementor-section-height-default\" data-id=\"f54e358\" data-element_type=\"section\">\n\t\t\t\t\t\t<div class=\"elementor-container elementor-column-gap-no\">\n\t\t\t\t\t<div class=\"elementor-column elementor-col-50 elementor-top-column elementor-element elementor-element-5c6a1db7\" data-id=\"5c6a1db7\" data-element_type=\"column\" data-settings=\"{&quot;background_background&quot;:&quot;classic&quot;}\">\n\t\t\t<div class=\"elementor-widget-wrap elementor-element-populated\">\n\t\t\t\t\t\t\t\t<div class=\"elementor-element elementor-element-7abe8dd3 elementor-absolute elementor-widget elementor-widget-text-editor\" data-id=\"7abe8dd3\" data-element_type=\"widget\" data-settings=\"{&quot;_position&quot;:&quot;absolute&quot;}\" data-widget_type=\"text-editor.default\">\n\t\t\t\t<div class=\"elementor-widget-container\">\n\t\t\t\t\t\t\t<p><strong>DESCRIPCI\u00d3N Y RECOMENDACIONES<\/strong><\/p><p><strong>Es una caminata que inicia cerca al ovalo de Miraflores, luego, caminaremos por el parque central, despu\u00e9s, tomaremos un bus para ir a Barranco, llegaremos a una de las calles Paseo S\u00e1enz Pe\u00f1a, es una calle que se puede apreciar casonas de estilo europeo, m\u00e1s adelante, visitaremos la iglesia San Francisco, luego,  iremos hacia el malec\u00f3n y ver el circuito de playas.<\/strong><br \/><strong>Llegaremos a la Plazuela Federico Villarreal, parque inaugurado en 1926, tambi\u00e9n, observaremos las pinturas murales de Jade Rivera, es un artista que ha realizado trabajos murales alrededor del mundo.  Luego, conoceremos la iglesia La Ermita, construida de adobe y quincha a mediados del siglo XVIII un ambiente de tradici\u00f3n e historia. Tambi\u00e9n, visitaremos  el Puente de los Suspiros es un lugar de inspiraci\u00f3n de poetas y la Bajada de los Ba\u00f1os que es la ruta hacia el mar. Finalmente, llegaremos al Parque municipal para poder apreciar su biblioteca, la Iglesia La Sant\u00edsima cruz y otros lugares del distrito.<\/strong><\/p><p><strong>Lugares a Visitar:<\/strong><\/p><ul><li><strong>\u00d3valo de Miraflores<\/strong><\/li><li><strong>Paseo S\u00e1enz Pe\u00f1a<\/strong><\/li><li><strong>Plazuela Federico Villareal<\/strong><\/li><li><strong>La Ermita<\/strong><\/li><li><strong>Puente de los Suspiros<\/strong><\/li><li><strong>Parque Municipal<\/strong><\/li><\/ul><p><strong>Costo del Bus: S\/1.50 soles<\/strong><\/p><p><strong>Recomendaciones<\/strong><\/p><ul><li><strong>Vestir ropa y calzado c\u00f3modos para caminar.<\/strong><\/li><li><strong>Usar mascarilla\u00a0<\/strong><\/li><li><b>Usar sombrero o gorra\u00a0<\/b><\/li><\/ul><p><strong>Importante:<\/strong><\/p><p><strong>Debemos estar 5 minutos antes en el punto de reuni\u00f3n.\nEn caso, de no asistir, por favor, se debe cancelar la reserva del tour.\u00a0<\/strong><\/p>\t\t\t\t\t\t<\/div>\n\t\t\t\t<\/div>\n\t\t\t\t<div class=\"elementor-element elementor-element-7a46ace1 elementor-absolute elementor-widget elementor-widget-button\" data-id=\"7a46ace1\" data-element_type=\"widget\" data-settings=\"{&quot;_position&quot;:&quot;absolute&quot;}\" data-widget_type=\"button.default\">\n\t\t\t\t<div class=\"elementor-widget-container\">\n\t\t\t\t\t<div class=\"elementor-button-wrapper\">\n\t\t\t<a href=\"https:\/\/wa.link\/csqyak\" target=\"_blank\" class=\"elementor-button-link elementor-button elementor-size-sm elementor-animation-grow\" role=\"button\">\n\t\t\t\t\t\t<span class=\"elementor-button-content-wrapper\">\n\t\t\t\t\t\t<span class=\"elementor-button-text\">Cont\u00e1ctame<\/span>\n\t\t<\/span>\n\t\t\t\t\t<\/a>\n\t\t<\/div>\n\t\t\t\t<\/div>\n\t\t\t\t<\/div>\n\t\t\t\t\t<\/div>\n\t\t<\/div>\n\t\t\t\t<div class=\"elementor-column elementor-col-50 elementor-top-column elementor-element elementor-element-622cfe4b\" data-id=\"622cfe4b\" data-element_type=\"column\">\n\t\t\t<div class=\"elementor-widget-wrap elementor-element-populated\">\n\t\t\t\t\t\t\t\t<div class=\"elementor-element elementor-element-e754cf5 elementor-invisible elementor-widget elementor-widget-image\" data-id=\"e754cf5\" data-element_type=\"widget\" data-settings=\"{&quot;_animation&quot;:&quot;fadeInRight&quot;}\" data-widget_type=\"image.default\">\n\t\t\t\t<div class=\"elementor-widget-container\">\n\t\t\t\t\t\t\t\t\t\t\t\t\t\t\t<img width=\"2480\" height=\"3508\" src=\"https:\/\/paultoursperu.com\/wp-content\/uploads\/2022\/07\/cs9.png\" class=\"attachment-full size-full\" alt=\"\" loading=\"lazy\" srcset=\"https:\/\/paultoursperu.com\/wp-content\/uploads\/2022\/07\/cs9.png 2480w, https:\/\/paultoursperu.com\/wp-content\/uploads\/2022\/07\/cs9-212x300.png 212w, https:\/\/paultoursperu.com\/wp-content\/uploads\/2022\/07\/cs9-724x1024.png 724w, https:\/\/paultoursperu.com\/wp-content\/uploads\/2022\/07\/cs9-768x1086.png 768w, https:\/\/paultoursperu.com\/wp-content\/uploads\/2022\/07\/cs9-1086x1536.png 1086w, https:\/\/paultoursperu.com\/wp-content\/uploads\/2022\/07\/cs9-1448x2048.png 1448w\" sizes=\"(max-width: 2480px) 100vw, 2480px\" \/>\t\t\t\t\t\t\t\t\t\t\t\t\t\t\t<\/div>\n\t\t\t\t<\/div>\n\t\t\t\t<div class=\"elementor-element elementor-element-56cf2455 elementor-widget elementor-widget-image\" data-id=\"56cf2455\" data-element_type=\"widget\" data-widget_type=\"image.default\">\n\t\t\t\t<div class=\"elementor-widget-container\">\n\t\t\t\t\t\t\t\t\t\t\t\t\t\t\t<img width=\"724\" height=\"1024\" src=\"https:\/\/paultoursperu.com\/wp-content\/uploads\/2022\/07\/cs11-1-724x1024.png\" class=\"attachment-large size-large\" alt=\"\" loading=\"lazy\" srcset=\"https:\/\/paultoursperu.com\/wp-content\/uploads\/2022\/07\/cs11-1-724x1024.png 724w, https:\/\/paultoursperu.com\/wp-content\/uploads\/2022\/07\/cs11-1-212x300.png 212w, https:\/\/paultoursperu.com\/wp-content\/uploads\/2022\/07\/cs11-1-768x1086.png 768w, https:\/\/paultoursperu.com\/wp-content\/uploads\/2022\/07\/cs11-1-1086x1536.png 1086w, https:\/\/paultoursperu.com\/wp-content\/uploads\/2022\/07\/cs11-1-1448x2048.png 1448w\" sizes=\"(max-width: 724px) 100vw, 724px\" \/>\t\t\t\t\t\t\t\t\t\t\t\t\t\t\t<\/div>\n\t\t\t\t<\/div>\n\t\t\t\t\t<\/div>\n\t\t<\/div>\n\t\t\t\t\t\t\t<\/div>\n\t\t<\/section>\n\t\t\t\t\t\t\t<\/div>","protected":false},"excerpt":{"rendered":"<p>Barranco Art and Culture Discover Lima\u2019s most bohemian neighborhood with this free tour of Barranco. You will fall in love with the colorful buildings and picturesque narrow streets of this idyllic bohemia corner. Contact Us DESCRIPTION AND RECOMMENDATIONS Our walk beggins near to Miraflores Oval, we&#8217;ll walk the central park and take a bus to &hellip;<\/p>\n<p class=\"read-more\"> <a class=\"\" href=\"https:\/\/paultoursperu.com\/es\/barranco-art-and-culture\/\"> <span class=\"screen-reader-text\">Barranco Arte y Cultura<\/span> Leer m\u00e1s &raquo;<\/a><\/p>","protected":false},"author":1,"featured_media":0,"parent":0,"menu_order":0,"comment_status":"closed","ping_status":"closed","template":"","meta":{"site-sidebar-layout":"no-sidebar","site-content-layout":"page-builder","ast-global-header-display":"","ast-main-header-display":"","ast-hfb-above-header-display":"","ast-hfb-below-header-display":"","ast-hfb-mobile-header-display":"","site-post-title":"disabled","ast-breadcrumbs-content":"","ast-featured-img":"disabled","footer-sml-layout":"","theme-transparent-header-meta":"","adv-header-id-meta":"","stick-header-meta":"","header-above-stick-meta":"","header-main-stick-meta":"","header-below-stick-meta":""},"_links":{"self":[{"href":"https:\/\/paultoursperu.com\/es\/wp-json\/wp\/v2\/pages\/49"}],"collection":[{"href":"https:\/\/paultoursperu.com\/es\/wp-json\/wp\/v2\/pages"}],"about":[{"href":"https:\/\/paultoursperu.com\/es\/wp-json\/wp\/v2\/types\/page"}],"author":[{"embeddable":true,"href":"https:\/\/paultoursperu.com\/es\/wp-json\/wp\/v2\/users\/1"}],"replies":[{"embeddable":true,"href":"https:\/\/paultoursperu.com\/es\/wp-json\/wp\/v2\/comments?post=49"}],"version-history":[{"count":19,"href":"https:\/\/paultoursperu.com\/es\/wp-json\/wp\/v2\/pages\/49\/revisions"}],"predecessor-version":[{"id":373,"href":"https:\/\/paultoursperu.com\/es\/wp-json\/wp\/v2\/pages\/49\/revisions\/373"}],"wp:attachment":[{"href":"https:\/\/paultoursperu.com\/es\/wp-json\/wp\/v2\/media?parent=49"}],"curies":[{"name":"wp","href":"https:\/\/api.w.org\/{rel}","templated":true}]}}